{"id":5742,"date":"2025-12-22T15:17:58","date_gmt":"2025-12-22T15:17:58","guid":{"rendered":"https:\/\/memomail.cloud\/pravni-upozorneni\/"},"modified":"2026-03-24T10:51:03","modified_gmt":"2026-03-24T10:51:03","slug":"pravni-upozorneni","status":"publish","type":"page","link":"https:\/\/memomail.cloud\/cs\/pravni-upozorneni\/","title":{"rendered":"Pr\u00e1vn\u00ed upozorn\u011bn\u00ed"},"content":{"rendered":"\t\t<div data-elementor-type=\"wp-page\" data-elementor-id=\"5742\" class=\"elementor elementor-5742 elementor-2570\" data-elementor-post-type=\"page\">\n\t\t\t\t<div class=\"elementor-element elementor-element-793a6458 e-flex e-con-boxed wpr-particle-no wpr-jarallax-no wpr-parallax-no wpr-sticky-section-no wpr-equal-height-no e-con e-parent\" data-id=\"793a6458\" data-element_type=\"container\" data-e-type=\"container\" data-settings=\"{&quot;background_background&quot;:&quot;classic&quot;}\">\n\t\t\t\t\t<div class=\"e-con-inner\">\n\t\t<div class=\"elementor-element elementor-element-8455ac7 e-con-full e-flex wpr-particle-no wpr-jarallax-no wpr-parallax-no wpr-sticky-section-no wpr-equal-height-no e-con e-child\" data-id=\"8455ac7\" data-element_type=\"container\" data-e-type=\"container\">\n\t\t<div class=\"elementor-element elementor-element-5f687bac e-con-full e-flex wpr-particle-no wpr-jarallax-no wpr-parallax-no wpr-sticky-section-no wpr-equal-height-no e-con e-child\" data-id=\"5f687bac\" data-element_type=\"container\" data-e-type=\"container\">\n\t\t\t\t<div class=\"elementor-element elementor-element-b47e7cf elementor-widget elementor-widget-text-editor\" data-id=\"b47e7cf\" data-element_type=\"widget\" data-e-type=\"widget\" data-widget_type=\"text-editor.default\">\n\t\t\t\t<div class=\"elementor-widget-container\">\n\t\t\t\t\t\t\t\t\t<p>\u00a9 All rights reserved. MemoMail\u00ae is a registered trademark owned by BASE315.<br>BASE315 DI CINELLI CESARE<br>Adress: Via G. Matteotti 41,<br>Voghera, PV<br>Phone: 0383 052137<br>VAT Number: IT 02368840183<br>C.F.: CNLCSR77L15M109Y<br>N. REA.: PV 267523 <\/p>\t\t\t\t\t\t\t\t<\/div>\n\t\t\t\t<\/div>\n\t\t\t\t<div class=\"elementor-element elementor-element-65a9a83a elementor-align-left elementor-widget elementor-widget-button\" data-id=\"65a9a83a\" data-element_type=\"widget\" data-e-type=\"widget\" data-widget_type=\"button.default\">\n\t\t\t\t<div class=\"elementor-widget-container\">\n\t\t\t\t\t\t\t\t\t<div class=\"elementor-button-wrapper\">\n\t\t\t\t\t<a class=\"elementor-button elementor-button-link elementor-size-sm\" href=\"\/\">\n\t\t\t\t\t\t<span class=\"elementor-button-content-wrapper\">\n\t\t\t\t\t\t<span class=\"elementor-button-icon\">\n\t\t\t\t<i aria-hidden=\"true\" class=\" ti-control-forward\"><\/i>\t\t\t<\/span>\n\t\t\t\t\t\t\t\t\t<span class=\"elementor-button-text\">Zp\u00e1tky dom\u016f!<\/span>\n\t\t\t\t\t<\/span>\n\t\t\t\t\t<\/a>\n\t\t\t\t<\/div>\n\t\t\t\t\t\t\t\t<\/div>\n\t\t\t\t<\/div>\n\t\t\t\t<\/div>\n\t\t\t\t<\/div>\n\t\t\t\t\t<\/div>\n\t\t\t\t<\/div>\n\t\t\t\t<\/div>\n\t\t","protected":false},"excerpt":{"rendered":"<p>\u00a9 All rights reserved. MemoMail\u00ae is a registered trademark owned by BASE315.BASE315 DI CINELLI CESAREAdress: Via G. Matteotti 41,Voghera, PVPhone: 0383 052137VAT Number: IT 02368840183C.F.: CNLCSR77L15M109YN. REA.: PV 267523 Zp\u00e1tky dom\u016f!<\/p>\n","protected":false},"author":1,"featured_media":0,"parent":0,"menu_order":0,"comment_status":"closed","ping_status":"closed","template":"","meta":{"footnotes":""},"class_list":["post-5742","page","type-page","status-publish","hentry"],"yoast_head":"<!-- This site is optimized with the Yoast SEO plugin v27.4 - https:\/\/yoast.com\/product\/yoast-seo-wordpress\/ -->\n<title>Pr\u00e1vn\u00ed upozorn\u011bn\u00ed | MemoMail<\/title>\n<meta name=\"description\" content=\"Pr\u00e1vn\u00ed upozorn\u011bn\u00ed spole\u010dnosti MemoMail\" \/>\n<meta name=\"robots\" content=\"index, follow, max-snippet:-1, max-image-preview:large, max-video-preview:-1\" \/>\n<link rel=\"canonical\" href=\"https:\/\/memomail.cloud\/cs\/pravni-upozorneni\/\" \/>\n<meta property=\"og:locale\" content=\"cs_CZ\" \/>\n<meta property=\"og:type\" content=\"article\" \/>\n<meta property=\"og:title\" content=\"Pr\u00e1vn\u00ed upozorn\u011bn\u00ed | MemoMail\" \/>\n<meta property=\"og:description\" content=\"Pr\u00e1vn\u00ed upozorn\u011bn\u00ed spole\u010dnosti MemoMail\" \/>\n<meta property=\"og:url\" content=\"https:\/\/memomail.cloud\/cs\/pravni-upozorneni\/\" \/>\n<meta property=\"og:site_name\" content=\"Magazine MemoMail.cloud\" \/>\n<meta property=\"article:modified_time\" content=\"2026-03-24T10:51:03+00:00\" \/>\n<meta name=\"twitter:card\" content=\"summary_large_image\" \/>\n<script type=\"application\/ld+json\" class=\"yoast-schema-graph\">{\"@context\":\"https:\\\/\\\/schema.org\",\"@graph\":[{\"@type\":\"WebPage\",\"@id\":\"https:\\\/\\\/memomail.cloud\\\/cs\\\/pravni-upozorneni\\\/\",\"url\":\"https:\\\/\\\/memomail.cloud\\\/cs\\\/pravni-upozorneni\\\/\",\"name\":\"Pr\u00e1vn\u00ed upozorn\u011bn\u00ed | MemoMail\",\"isPartOf\":{\"@id\":\"https:\\\/\\\/memomail.cloud\\\/cs\\\/#website\"},\"datePublished\":\"2025-12-22T15:17:58+00:00\",\"dateModified\":\"2026-03-24T10:51:03+00:00\",\"description\":\"Pr\u00e1vn\u00ed upozorn\u011bn\u00ed spole\u010dnosti MemoMail\",\"breadcrumb\":{\"@id\":\"https:\\\/\\\/memomail.cloud\\\/cs\\\/pravni-upozorneni\\\/#breadcrumb\"},\"inLanguage\":\"cs\",\"potentialAction\":[{\"@type\":\"ReadAction\",\"target\":[\"https:\\\/\\\/memomail.cloud\\\/cs\\\/pravni-upozorneni\\\/\"]}]},{\"@type\":\"BreadcrumbList\",\"@id\":\"https:\\\/\\\/memomail.cloud\\\/cs\\\/pravni-upozorneni\\\/#breadcrumb\",\"itemListElement\":[{\"@type\":\"ListItem\",\"position\":1,\"name\":\"Home\",\"item\":\"https:\\\/\\\/memomail.cloud\\\/cs\\\/\"},{\"@type\":\"ListItem\",\"position\":2,\"name\":\"Pr\u00e1vn\u00ed upozorn\u011bn\u00ed\"}]},{\"@type\":\"WebSite\",\"@id\":\"https:\\\/\\\/memomail.cloud\\\/cs\\\/#website\",\"url\":\"https:\\\/\\\/memomail.cloud\\\/cs\\\/\",\"name\":\"Magazine MemoMail.cloud\",\"description\":\"\",\"potentialAction\":[{\"@type\":\"SearchAction\",\"target\":{\"@type\":\"EntryPoint\",\"urlTemplate\":\"https:\\\/\\\/memomail.cloud\\\/cs\\\/?s={search_term_string}\"},\"query-input\":{\"@type\":\"PropertyValueSpecification\",\"valueRequired\":true,\"valueName\":\"search_term_string\"}}],\"inLanguage\":\"cs\"}]}<\/script>\n<!-- \/ Yoast SEO plugin. -->","yoast_head_json":{"title":"Pr\u00e1vn\u00ed upozorn\u011bn\u00ed | MemoMail","description":"Pr\u00e1vn\u00ed upozorn\u011bn\u00ed spole\u010dnosti MemoMail","robots":{"index":"index","follow":"follow","max-snippet":"max-snippet:-1","max-image-preview":"max-image-preview:large","max-video-preview":"max-video-preview:-1"},"canonical":"https:\/\/memomail.cloud\/cs\/pravni-upozorneni\/","og_locale":"cs_CZ","og_type":"article","og_title":"Pr\u00e1vn\u00ed upozorn\u011bn\u00ed | MemoMail","og_description":"Pr\u00e1vn\u00ed upozorn\u011bn\u00ed spole\u010dnosti MemoMail","og_url":"https:\/\/memomail.cloud\/cs\/pravni-upozorneni\/","og_site_name":"Magazine MemoMail.cloud","article_modified_time":"2026-03-24T10:51:03+00:00","twitter_card":"summary_large_image","schema":{"@context":"https:\/\/schema.org","@graph":[{"@type":"WebPage","@id":"https:\/\/memomail.cloud\/cs\/pravni-upozorneni\/","url":"https:\/\/memomail.cloud\/cs\/pravni-upozorneni\/","name":"Pr\u00e1vn\u00ed upozorn\u011bn\u00ed | MemoMail","isPartOf":{"@id":"https:\/\/memomail.cloud\/cs\/#website"},"datePublished":"2025-12-22T15:17:58+00:00","dateModified":"2026-03-24T10:51:03+00:00","description":"Pr\u00e1vn\u00ed upozorn\u011bn\u00ed spole\u010dnosti MemoMail","breadcrumb":{"@id":"https:\/\/memomail.cloud\/cs\/pravni-upozorneni\/#breadcrumb"},"inLanguage":"cs","potentialAction":[{"@type":"ReadAction","target":["https:\/\/memomail.cloud\/cs\/pravni-upozorneni\/"]}]},{"@type":"BreadcrumbList","@id":"https:\/\/memomail.cloud\/cs\/pravni-upozorneni\/#breadcrumb","itemListElement":[{"@type":"ListItem","position":1,"name":"Home","item":"https:\/\/memomail.cloud\/cs\/"},{"@type":"ListItem","position":2,"name":"Pr\u00e1vn\u00ed upozorn\u011bn\u00ed"}]},{"@type":"WebSite","@id":"https:\/\/memomail.cloud\/cs\/#website","url":"https:\/\/memomail.cloud\/cs\/","name":"Magazine MemoMail.cloud","description":"","potentialAction":[{"@type":"SearchAction","target":{"@type":"EntryPoint","urlTemplate":"https:\/\/memomail.cloud\/cs\/?s={search_term_string}"},"query-input":{"@type":"PropertyValueSpecification","valueRequired":true,"valueName":"search_term_string"}}],"inLanguage":"cs"}]}},"_links":{"self":[{"href":"https:\/\/memomail.cloud\/cs\/wp-json\/wp\/v2\/pages\/5742","targetHints":{"allow":["GET"]}}],"collection":[{"href":"https:\/\/memomail.cloud\/cs\/wp-json\/wp\/v2\/pages"}],"about":[{"href":"https:\/\/memomail.cloud\/cs\/wp-json\/wp\/v2\/types\/page"}],"author":[{"embeddable":true,"href":"https:\/\/memomail.cloud\/cs\/wp-json\/wp\/v2\/users\/1"}],"replies":[{"embeddable":true,"href":"https:\/\/memomail.cloud\/cs\/wp-json\/wp\/v2\/comments?post=5742"}],"version-history":[{"count":1,"href":"https:\/\/memomail.cloud\/cs\/wp-json\/wp\/v2\/pages\/5742\/revisions"}],"predecessor-version":[{"id":5743,"href":"https:\/\/memomail.cloud\/cs\/wp-json\/wp\/v2\/pages\/5742\/revisions\/5743"}],"wp:attachment":[{"href":"https:\/\/memomail.cloud\/cs\/wp-json\/wp\/v2\/media?parent=5742"}],"curies":[{"name":"wp","href":"https:\/\/api.w.org\/{rel}","templated":true}]}}