{"id":5744,"date":"2025-12-22T15:32:44","date_gmt":"2025-12-22T15:32:44","guid":{"rendered":"https:\/\/memomail.cloud\/casopis\/"},"modified":"2026-04-13T09:01:32","modified_gmt":"2026-04-13T09:01:32","slug":"casopis","status":"publish","type":"page","link":"https:\/\/memomail.cloud\/cs\/casopis\/","title":{"rendered":"\u010casopis"},"content":{"rendered":"\t\t<div data-elementor-type=\"wp-page\" data-elementor-id=\"5744\" class=\"elementor elementor-5744 elementor-2637\" data-elementor-post-type=\"page\">\n\t\t\t\t<div class=\"elementor-element elementor-element-29bbfb2 e-flex e-con-boxed wpr-particle-no wpr-jarallax-no wpr-parallax-no wpr-sticky-section-no wpr-equal-height-no e-con e-parent\" data-id=\"29bbfb2\" data-element_type=\"container\" data-e-type=\"container\" data-settings=\"{&quot;background_background&quot;:&quot;classic&quot;}\">\n\t\t\t\t\t<div class=\"e-con-inner\">\n\t\t<div class=\"elementor-element elementor-element-74463d e-con-full e-flex wpr-particle-no wpr-jarallax-no wpr-parallax-no wpr-sticky-section-no wpr-equal-height-no e-con e-child\" data-id=\"74463d\" data-element_type=\"container\" data-e-type=\"container\">\n\t\t\t\t<div class=\"elementor-element elementor-element-326080bd elementor-icon-list--layout-inline elementor-align-center elementor-list-item-link-full_width elementor-widget elementor-widget-icon-list\" data-id=\"326080bd\" data-element_type=\"widget\" data-e-type=\"widget\" data-widget_type=\"icon-list.default\">\n\t\t\t\t<div class=\"elementor-widget-container\">\n\t\t\t\t\t\t\t<ul class=\"elementor-icon-list-items elementor-inline-items\">\n\t\t\t\t\t\t\t<li class=\"elementor-icon-list-item elementor-inline-item\">\n\t\t\t\t\t\t\t\t\t\t\t<a href=\"https:\/\/memomail.cloud\/cs\/\">\n\n\t\t\t\t\t\t\t\t\t\t\t<span class=\"elementor-icon-list-text\">Dom\u016f<\/span>\n\t\t\t\t\t\t\t\t\t\t\t<\/a>\n\t\t\t\t\t\t\t\t\t<\/li>\n\t\t\t\t\t\t\t\t<li class=\"elementor-icon-list-item elementor-inline-item\">\n\t\t\t\t\t\t\t\t\t\t\t<span class=\"elementor-icon-list-icon\">\n\t\t\t\t\t\t\t<svg aria-hidden=\"true\" class=\"e-font-icon-svg e-fas-chevron-right\" viewBox=\"0 0 320 512\" xmlns=\"http:\/\/www.w3.org\/2000\/svg\"><path d=\"M285.476 272.971L91.132 467.314c-9.373 9.373-24.569 9.373-33.941 0l-22.667-22.667c-9.357-9.357-9.375-24.522-.04-33.901L188.505 256 34.484 101.255c-9.335-9.379-9.317-24.544.04-33.901l22.667-22.667c9.373-9.373 24.569-9.373 33.941 0L285.475 239.03c9.373 9.372 9.373 24.568.001 33.941z\"><\/path><\/svg>\t\t\t\t\t\t<\/span>\n\t\t\t\t\t\t\t\t\t\t<span class=\"elementor-icon-list-text\"><\/span>\n\t\t\t\t\t\t\t\t\t<\/li>\n\t\t\t\t\t\t<\/ul>\n\t\t\t\t\t\t<\/div>\n\t\t\t\t<\/div>\n\t\t\t\t<\/div>\n\t\t\t\t\t<\/div>\n\t\t\t\t<\/div>\n\t\t<div class=\"elementor-element elementor-element-421bb0e7 e-flex e-con-boxed wpr-particle-no wpr-jarallax-no wpr-parallax-no wpr-sticky-section-no wpr-equal-height-no e-con e-parent\" data-id=\"421bb0e7\" data-element_type=\"container\" data-e-type=\"container\">\n\t\t\t\t\t<div class=\"e-con-inner\">\n\t\t\t\t<div class=\"elementor-element elementor-element-631616a wpr-grid-columns-3 wpr-grid-columns--tablet2 wpr-grid-columns--mobile1 wpr-grid-pagination-center wpr-item-styles-inner elementor-widget elementor-widget-wpr-grid\" data-id=\"631616a\" data-element_type=\"widget\" data-e-type=\"widget\" data-widget_type=\"wpr-grid.default\">\n\t\t\t\t<div class=\"elementor-widget-container\">\n\t\t\t\t\t<h2>Nebyly nalezeny \u017e\u00e1dn\u00e9 p\u0159\u00edsp\u011bvky!<\/h2>\t\t\t\t<\/div>\n\t\t\t\t<\/div>\n\t\t\t\t\t<\/div>\n\t\t\t\t<\/div>\n\t\t\t\t<\/div>\n\t\t","protected":false},"excerpt":{"rendered":"<p>Dom\u016f V\u0161echny p\u0159\u00edsp\u011bvky Practical use Marketing Case studies MemoMail Shortcodes: Personalize your communications October 7, 2025\/\u010c\u00edst v\u00edce Email automation: The secret to growing your business October 7, 2025\/\u010c\u00edst v\u00edce Boost your business communication with MemoMail.cloud\u00a0\u00a0\u00a0\u00a0\u00a0\u00a0\u00a0\u00a0\u00a0\u00a0\u00a0\u00a0\u00a0\u00a0\u00a0\u00a0\u00a0\u00a0\u00a0\u00a0\u00a0\u00a0\u00a0\u00a0\u00a0\u00a0\u00a0\u00a0\u00a0\u00a0\u00a0\u00a0\u00a0\u00a0\u00a0 October 6, 2025\/\u010c\u00edst v\u00edce Modern insurers: simplify your work with automated reminders October 6, 2025\/\u010c\u00edst v\u00edce MemoMail: revolutionizing the work of IT and web agencies October 3, 2025\/\u010c\u00edst v\u00edce MemoMail: your trusted accounting partner\u00a0\u00a0\u00a0\u00a0\u00a0\u00a0\u00a0\u00a0\u00a0\u00a0\u00a0\u00a0\u00a0\u00a0\u00a0\u00a0\u00a0\u00a0\u00a0\u00a0\u00a0\u00a0\u00a0\u00a0\u00a0\u00a0\u00a0\u00a0\u00a0\u00a0\u00a0\u00a0\u00a0\u00a0\u00a0\u00a0\u00a0\u00a0\u00a0\u00a0\u00a0\u00a0\u00a0\u00a0\u00a0 October 3, 2025\/\u010c\u00edst v\u00edce<\/p>\n","protected":false},"author":1,"featured_media":0,"parent":0,"menu_order":0,"comment_status":"closed","ping_status":"closed","template":"","meta":{"footnotes":""},"class_list":["post-5744","page","type-page","status-publish","hentry"],"yoast_head":"<!-- This site is optimized with the Yoast SEO plugin v27.4 - https:\/\/yoast.com\/product\/yoast-seo-wordpress\/ -->\n<title>\u010casopis MemoMail.cloud<\/title>\n<meta name=\"description\" content=\"Discover the MemoMail Magazine: insights on email automation, real use cases, best practices and ideas to improve automated reminders and business communication.\" \/>\n<meta name=\"robots\" content=\"index, follow, max-snippet:-1, max-image-preview:large, max-video-preview:-1\" \/>\n<link rel=\"canonical\" href=\"https:\/\/memomail.cloud\/cs\/casopis\/\" \/>\n<meta property=\"og:locale\" content=\"cs_CZ\" \/>\n<meta property=\"og:type\" content=\"article\" \/>\n<meta property=\"og:title\" content=\"\u010casopis MemoMail.cloud\" \/>\n<meta property=\"og:description\" content=\"Discover the MemoMail Magazine: insights on email automation, real use cases, best practices and ideas to improve automated reminders and business communication.\" \/>\n<meta property=\"og:url\" content=\"https:\/\/memomail.cloud\/cs\/casopis\/\" \/>\n<meta property=\"og:site_name\" content=\"Magazine MemoMail.cloud\" \/>\n<meta property=\"article:modified_time\" content=\"2026-04-13T09:01:32+00:00\" \/>\n<meta property=\"og:image\" content=\"https:\/\/memomail.cloud\/wp-content\/uploads\/2025\/10\/thumb-shortcode.webp\" \/>\n<meta name=\"twitter:card\" content=\"summary_large_image\" \/>\n<script type=\"application\/ld+json\" class=\"yoast-schema-graph\">{\"@context\":\"https:\\\/\\\/schema.org\",\"@graph\":[{\"@type\":\"WebPage\",\"@id\":\"https:\\\/\\\/memomail.cloud\\\/cs\\\/casopis\\\/\",\"url\":\"https:\\\/\\\/memomail.cloud\\\/cs\\\/casopis\\\/\",\"name\":\"\u010casopis MemoMail.cloud\",\"isPartOf\":{\"@id\":\"https:\\\/\\\/memomail.cloud\\\/cs\\\/#website\"},\"primaryImageOfPage\":{\"@id\":\"https:\\\/\\\/memomail.cloud\\\/cs\\\/casopis\\\/#primaryimage\"},\"image\":{\"@id\":\"https:\\\/\\\/memomail.cloud\\\/cs\\\/casopis\\\/#primaryimage\"},\"thumbnailUrl\":\"https:\\\/\\\/memomail.cloud\\\/wp-content\\\/uploads\\\/2025\\\/10\\\/thumb-shortcode.webp\",\"datePublished\":\"2025-12-22T15:32:44+00:00\",\"dateModified\":\"2026-04-13T09:01:32+00:00\",\"description\":\"Discover the MemoMail Magazine: insights on email automation, real use cases, best practices and ideas to improve automated reminders and business communication.\",\"breadcrumb\":{\"@id\":\"https:\\\/\\\/memomail.cloud\\\/cs\\\/casopis\\\/#breadcrumb\"},\"inLanguage\":\"cs\",\"potentialAction\":[{\"@type\":\"ReadAction\",\"target\":[\"https:\\\/\\\/memomail.cloud\\\/cs\\\/casopis\\\/\"]}]},{\"@type\":\"ImageObject\",\"inLanguage\":\"cs\",\"@id\":\"https:\\\/\\\/memomail.cloud\\\/cs\\\/casopis\\\/#primaryimage\",\"url\":\"https:\\\/\\\/memomail.cloud\\\/wp-content\\\/uploads\\\/2025\\\/10\\\/thumb-shortcode.webp\",\"contentUrl\":\"https:\\\/\\\/memomail.cloud\\\/wp-content\\\/uploads\\\/2025\\\/10\\\/thumb-shortcode.webp\"},{\"@type\":\"BreadcrumbList\",\"@id\":\"https:\\\/\\\/memomail.cloud\\\/cs\\\/casopis\\\/#breadcrumb\",\"itemListElement\":[{\"@type\":\"ListItem\",\"position\":1,\"name\":\"Home\",\"item\":\"https:\\\/\\\/memomail.cloud\\\/cs\\\/\"},{\"@type\":\"ListItem\",\"position\":2,\"name\":\"\u010casopis\"}]},{\"@type\":\"WebSite\",\"@id\":\"https:\\\/\\\/memomail.cloud\\\/cs\\\/#website\",\"url\":\"https:\\\/\\\/memomail.cloud\\\/cs\\\/\",\"name\":\"Magazine MemoMail.cloud\",\"description\":\"\",\"potentialAction\":[{\"@type\":\"SearchAction\",\"target\":{\"@type\":\"EntryPoint\",\"urlTemplate\":\"https:\\\/\\\/memomail.cloud\\\/cs\\\/?s={search_term_string}\"},\"query-input\":{\"@type\":\"PropertyValueSpecification\",\"valueRequired\":true,\"valueName\":\"search_term_string\"}}],\"inLanguage\":\"cs\"}]}<\/script>\n<!-- \/ Yoast SEO plugin. -->","yoast_head_json":{"title":"\u010casopis MemoMail.cloud","description":"Discover the MemoMail Magazine: insights on email automation, real use cases, best practices and ideas to improve automated reminders and business communication.","robots":{"index":"index","follow":"follow","max-snippet":"max-snippet:-1","max-image-preview":"max-image-preview:large","max-video-preview":"max-video-preview:-1"},"canonical":"https:\/\/memomail.cloud\/cs\/casopis\/","og_locale":"cs_CZ","og_type":"article","og_title":"\u010casopis MemoMail.cloud","og_description":"Discover the MemoMail Magazine: insights on email automation, real use cases, best practices and ideas to improve automated reminders and business communication.","og_url":"https:\/\/memomail.cloud\/cs\/casopis\/","og_site_name":"Magazine MemoMail.cloud","article_modified_time":"2026-04-13T09:01:32+00:00","og_image":[{"url":"https:\/\/memomail.cloud\/wp-content\/uploads\/2025\/10\/thumb-shortcode.webp","type":"","width":"","height":""}],"twitter_card":"summary_large_image","schema":{"@context":"https:\/\/schema.org","@graph":[{"@type":"WebPage","@id":"https:\/\/memomail.cloud\/cs\/casopis\/","url":"https:\/\/memomail.cloud\/cs\/casopis\/","name":"\u010casopis MemoMail.cloud","isPartOf":{"@id":"https:\/\/memomail.cloud\/cs\/#website"},"primaryImageOfPage":{"@id":"https:\/\/memomail.cloud\/cs\/casopis\/#primaryimage"},"image":{"@id":"https:\/\/memomail.cloud\/cs\/casopis\/#primaryimage"},"thumbnailUrl":"https:\/\/memomail.cloud\/wp-content\/uploads\/2025\/10\/thumb-shortcode.webp","datePublished":"2025-12-22T15:32:44+00:00","dateModified":"2026-04-13T09:01:32+00:00","description":"Discover the MemoMail Magazine: insights on email automation, real use cases, best practices and ideas to improve automated reminders and business communication.","breadcrumb":{"@id":"https:\/\/memomail.cloud\/cs\/casopis\/#breadcrumb"},"inLanguage":"cs","potentialAction":[{"@type":"ReadAction","target":["https:\/\/memomail.cloud\/cs\/casopis\/"]}]},{"@type":"ImageObject","inLanguage":"cs","@id":"https:\/\/memomail.cloud\/cs\/casopis\/#primaryimage","url":"https:\/\/memomail.cloud\/wp-content\/uploads\/2025\/10\/thumb-shortcode.webp","contentUrl":"https:\/\/memomail.cloud\/wp-content\/uploads\/2025\/10\/thumb-shortcode.webp"},{"@type":"BreadcrumbList","@id":"https:\/\/memomail.cloud\/cs\/casopis\/#breadcrumb","itemListElement":[{"@type":"ListItem","position":1,"name":"Home","item":"https:\/\/memomail.cloud\/cs\/"},{"@type":"ListItem","position":2,"name":"\u010casopis"}]},{"@type":"WebSite","@id":"https:\/\/memomail.cloud\/cs\/#website","url":"https:\/\/memomail.cloud\/cs\/","name":"Magazine MemoMail.cloud","description":"","potentialAction":[{"@type":"SearchAction","target":{"@type":"EntryPoint","urlTemplate":"https:\/\/memomail.cloud\/cs\/?s={search_term_string}"},"query-input":{"@type":"PropertyValueSpecification","valueRequired":true,"valueName":"search_term_string"}}],"inLanguage":"cs"}]}},"_links":{"self":[{"href":"https:\/\/memomail.cloud\/cs\/wp-json\/wp\/v2\/pages\/5744","targetHints":{"allow":["GET"]}}],"collection":[{"href":"https:\/\/memomail.cloud\/cs\/wp-json\/wp\/v2\/pages"}],"about":[{"href":"https:\/\/memomail.cloud\/cs\/wp-json\/wp\/v2\/types\/page"}],"author":[{"embeddable":true,"href":"https:\/\/memomail.cloud\/cs\/wp-json\/wp\/v2\/users\/1"}],"replies":[{"embeddable":true,"href":"https:\/\/memomail.cloud\/cs\/wp-json\/wp\/v2\/comments?post=5744"}],"version-history":[{"count":2,"href":"https:\/\/memomail.cloud\/cs\/wp-json\/wp\/v2\/pages\/5744\/revisions"}],"predecessor-version":[{"id":6122,"href":"https:\/\/memomail.cloud\/cs\/wp-json\/wp\/v2\/pages\/5744\/revisions\/6122"}],"wp:attachment":[{"href":"https:\/\/memomail.cloud\/cs\/wp-json\/wp\/v2\/media?parent=5744"}],"curies":[{"name":"wp","href":"https:\/\/api.w.org\/{rel}","templated":true}]}}