{"id":3376,"date":"2025-12-22T15:17:58","date_gmt":"2025-12-22T15:17:58","guid":{"rendered":"https:\/\/dev7.base315.net\/notes-juridiques\/"},"modified":"2026-03-04T08:50:09","modified_gmt":"2026-03-04T08:50:09","slug":"notes-juridiques","status":"publish","type":"page","link":"https:\/\/memomail.cloud\/fr\/notes-juridiques\/","title":{"rendered":"Notes juridiques"},"content":{"rendered":"\t\t<div data-elementor-type=\"wp-page\" data-elementor-id=\"3376\" class=\"elementor elementor-3376 elementor-2570\" data-elementor-post-type=\"page\">\n\t\t\t\t<div class=\"elementor-element elementor-element-793a6458 e-flex e-con-boxed wpr-particle-no wpr-jarallax-no wpr-parallax-no wpr-sticky-section-no wpr-equal-height-no e-con e-parent\" data-id=\"793a6458\" data-element_type=\"container\" data-e-type=\"container\" data-settings=\"{&quot;background_background&quot;:&quot;classic&quot;}\">\n\t\t\t\t\t<div class=\"e-con-inner\">\n\t\t<div class=\"elementor-element elementor-element-8455ac7 e-con-full e-flex wpr-particle-no wpr-jarallax-no wpr-parallax-no wpr-sticky-section-no wpr-equal-height-no e-con e-child\" data-id=\"8455ac7\" data-element_type=\"container\" data-e-type=\"container\">\n\t\t<div class=\"elementor-element elementor-element-5f687bac e-con-full e-flex wpr-particle-no wpr-jarallax-no wpr-parallax-no wpr-sticky-section-no wpr-equal-height-no e-con e-child\" data-id=\"5f687bac\" data-element_type=\"container\" data-e-type=\"container\">\n\t\t\t\t<div class=\"elementor-element elementor-element-b47e7cf elementor-widget elementor-widget-text-editor\" data-id=\"b47e7cf\" data-element_type=\"widget\" data-e-type=\"widget\" data-widget_type=\"text-editor.default\">\n\t\t\t\t<div class=\"elementor-widget-container\">\n\t\t\t\t\t\t\t\t\t<p>\u00a9 Tous droits r\u00e9serv\u00e9s. MemoMail\u00ae est une marque d\u00e9pos\u00e9e appartenant \u00e0 BASE315.<br>BASE315 DE CINELLI CESARE<br>Direction: Via G. Matteotti 41,<br>Voghera, PV<br>Tel\u00e9fono: 0383 052137<br>N\u00famero de IVA: IT 02368840183<br>C.F.: CNLCSR77L15M109Y<br>N\u00famero REA.: PV 267523 <\/p>\t\t\t\t\t\t\t\t<\/div>\n\t\t\t\t<\/div>\n\t\t\t\t<div class=\"elementor-element elementor-element-65a9a83a elementor-align-left elementor-widget elementor-widget-button\" data-id=\"65a9a83a\" data-element_type=\"widget\" data-e-type=\"widget\" data-widget_type=\"button.default\">\n\t\t\t\t<div class=\"elementor-widget-container\">\n\t\t\t\t\t\t\t\t\t<div class=\"elementor-button-wrapper\">\n\t\t\t\t\t<a class=\"elementor-button elementor-button-link elementor-size-sm\" href=\"\/\">\n\t\t\t\t\t\t<span class=\"elementor-button-content-wrapper\">\n\t\t\t\t\t\t<span class=\"elementor-button-icon\">\n\t\t\t\t<i aria-hidden=\"true\" class=\" ti-control-forward\"><\/i>\t\t\t<\/span>\n\t\t\t\t\t\t\t\t\t<span class=\"elementor-button-text\">Retour \u00e0 l\u2019accueil!<\/span>\n\t\t\t\t\t<\/span>\n\t\t\t\t\t<\/a>\n\t\t\t\t<\/div>\n\t\t\t\t\t\t\t\t<\/div>\n\t\t\t\t<\/div>\n\t\t\t\t<\/div>\n\t\t\t\t<\/div>\n\t\t\t\t\t<\/div>\n\t\t\t\t<\/div>\n\t\t\t\t<\/div>\n\t\t","protected":false},"excerpt":{"rendered":"<p>\u00a9 Tous droits r\u00e9serv\u00e9s. MemoMail\u00ae est une marque d\u00e9pos\u00e9e appartenant \u00e0 BASE315.BASE315 DE CINELLI CESAREDirection: Via G. Matteotti 41,Voghera, PVTel\u00e9fono: 0383 052137N\u00famero de IVA: IT 02368840183C.F.: CNLCSR77L15M109YN\u00famero REA.: PV 267523 Retour \u00e0 l\u2019accueil!<\/p>\n","protected":false},"author":1,"featured_media":0,"parent":0,"menu_order":0,"comment_status":"closed","ping_status":"closed","template":"","meta":{"footnotes":""},"class_list":["post-3376","page","type-page","status-publish","hentry"],"yoast_head":"<!-- This site is optimized with the Yoast SEO plugin v27.4 - https:\/\/yoast.com\/product\/yoast-seo-wordpress\/ -->\n<title>Notes juridiques | MemoMail<\/title>\n<meta name=\"description\" content=\"Notes juridiques de MemoMail.\" \/>\n<meta name=\"robots\" content=\"index, follow, max-snippet:-1, max-image-preview:large, max-video-preview:-1\" \/>\n<link rel=\"canonical\" href=\"https:\/\/memomail.cloud\/fr\/notes-juridiques\/\" \/>\n<meta property=\"og:locale\" content=\"fr_FR\" \/>\n<meta property=\"og:type\" content=\"article\" \/>\n<meta property=\"og:title\" content=\"Notes juridiques | MemoMail\" \/>\n<meta property=\"og:description\" content=\"Notes juridiques de MemoMail.\" \/>\n<meta property=\"og:url\" content=\"https:\/\/memomail.cloud\/fr\/notes-juridiques\/\" \/>\n<meta property=\"og:site_name\" content=\"Magazine MemoMail.cloud\" \/>\n<meta property=\"article:modified_time\" content=\"2026-03-04T08:50:09+00:00\" \/>\n<meta name=\"twitter:card\" content=\"summary_large_image\" \/>\n<script type=\"application\/ld+json\" class=\"yoast-schema-graph\">{\"@context\":\"https:\\\/\\\/schema.org\",\"@graph\":[{\"@type\":\"WebPage\",\"@id\":\"https:\\\/\\\/memomail.cloud\\\/fr\\\/notes-juridiques\\\/\",\"url\":\"https:\\\/\\\/memomail.cloud\\\/fr\\\/notes-juridiques\\\/\",\"name\":\"Notes juridiques | MemoMail\",\"isPartOf\":{\"@id\":\"https:\\\/\\\/memomail.cloud\\\/fr\\\/#website\"},\"datePublished\":\"2025-12-22T15:17:58+00:00\",\"dateModified\":\"2026-03-04T08:50:09+00:00\",\"description\":\"Notes juridiques de MemoMail.\",\"breadcrumb\":{\"@id\":\"https:\\\/\\\/memomail.cloud\\\/fr\\\/notes-juridiques\\\/#breadcrumb\"},\"inLanguage\":\"fr-FR\",\"potentialAction\":[{\"@type\":\"ReadAction\",\"target\":[\"https:\\\/\\\/memomail.cloud\\\/fr\\\/notes-juridiques\\\/\"]}]},{\"@type\":\"BreadcrumbList\",\"@id\":\"https:\\\/\\\/memomail.cloud\\\/fr\\\/notes-juridiques\\\/#breadcrumb\",\"itemListElement\":[{\"@type\":\"ListItem\",\"position\":1,\"name\":\"Home\",\"item\":\"https:\\\/\\\/memomail.cloud\\\/fr\\\/\"},{\"@type\":\"ListItem\",\"position\":2,\"name\":\"Notes juridiques\"}]},{\"@type\":\"WebSite\",\"@id\":\"https:\\\/\\\/memomail.cloud\\\/fr\\\/#website\",\"url\":\"https:\\\/\\\/memomail.cloud\\\/fr\\\/\",\"name\":\"Magazine MemoMail.cloud\",\"description\":\"\",\"potentialAction\":[{\"@type\":\"SearchAction\",\"target\":{\"@type\":\"EntryPoint\",\"urlTemplate\":\"https:\\\/\\\/memomail.cloud\\\/fr\\\/?s={search_term_string}\"},\"query-input\":{\"@type\":\"PropertyValueSpecification\",\"valueRequired\":true,\"valueName\":\"search_term_string\"}}],\"inLanguage\":\"fr-FR\"}]}<\/script>\n<!-- \/ Yoast SEO plugin. -->","yoast_head_json":{"title":"Notes juridiques | MemoMail","description":"Notes juridiques de MemoMail.","robots":{"index":"index","follow":"follow","max-snippet":"max-snippet:-1","max-image-preview":"max-image-preview:large","max-video-preview":"max-video-preview:-1"},"canonical":"https:\/\/memomail.cloud\/fr\/notes-juridiques\/","og_locale":"fr_FR","og_type":"article","og_title":"Notes juridiques | MemoMail","og_description":"Notes juridiques de MemoMail.","og_url":"https:\/\/memomail.cloud\/fr\/notes-juridiques\/","og_site_name":"Magazine MemoMail.cloud","article_modified_time":"2026-03-04T08:50:09+00:00","twitter_card":"summary_large_image","schema":{"@context":"https:\/\/schema.org","@graph":[{"@type":"WebPage","@id":"https:\/\/memomail.cloud\/fr\/notes-juridiques\/","url":"https:\/\/memomail.cloud\/fr\/notes-juridiques\/","name":"Notes juridiques | MemoMail","isPartOf":{"@id":"https:\/\/memomail.cloud\/fr\/#website"},"datePublished":"2025-12-22T15:17:58+00:00","dateModified":"2026-03-04T08:50:09+00:00","description":"Notes juridiques de MemoMail.","breadcrumb":{"@id":"https:\/\/memomail.cloud\/fr\/notes-juridiques\/#breadcrumb"},"inLanguage":"fr-FR","potentialAction":[{"@type":"ReadAction","target":["https:\/\/memomail.cloud\/fr\/notes-juridiques\/"]}]},{"@type":"BreadcrumbList","@id":"https:\/\/memomail.cloud\/fr\/notes-juridiques\/#breadcrumb","itemListElement":[{"@type":"ListItem","position":1,"name":"Home","item":"https:\/\/memomail.cloud\/fr\/"},{"@type":"ListItem","position":2,"name":"Notes juridiques"}]},{"@type":"WebSite","@id":"https:\/\/memomail.cloud\/fr\/#website","url":"https:\/\/memomail.cloud\/fr\/","name":"Magazine MemoMail.cloud","description":"","potentialAction":[{"@type":"SearchAction","target":{"@type":"EntryPoint","urlTemplate":"https:\/\/memomail.cloud\/fr\/?s={search_term_string}"},"query-input":{"@type":"PropertyValueSpecification","valueRequired":true,"valueName":"search_term_string"}}],"inLanguage":"fr-FR"}]}},"_links":{"self":[{"href":"https:\/\/memomail.cloud\/fr\/wp-json\/wp\/v2\/pages\/3376","targetHints":{"allow":["GET"]}}],"collection":[{"href":"https:\/\/memomail.cloud\/fr\/wp-json\/wp\/v2\/pages"}],"about":[{"href":"https:\/\/memomail.cloud\/fr\/wp-json\/wp\/v2\/types\/page"}],"author":[{"embeddable":true,"href":"https:\/\/memomail.cloud\/fr\/wp-json\/wp\/v2\/users\/1"}],"replies":[{"embeddable":true,"href":"https:\/\/memomail.cloud\/fr\/wp-json\/wp\/v2\/comments?post=3376"}],"version-history":[{"count":3,"href":"https:\/\/memomail.cloud\/fr\/wp-json\/wp\/v2\/pages\/3376\/revisions"}],"predecessor-version":[{"id":5627,"href":"https:\/\/memomail.cloud\/fr\/wp-json\/wp\/v2\/pages\/3376\/revisions\/5627"}],"wp:attachment":[{"href":"https:\/\/memomail.cloud\/fr\/wp-json\/wp\/v2\/media?parent=3376"}],"curies":[{"name":"wp","href":"https:\/\/api.w.org\/{rel}","templated":true}]}}