{"id":3564,"date":"2025-12-22T15:17:58","date_gmt":"2025-12-22T15:17:58","guid":{"rendered":"https:\/\/dev7.base315.net\/aviso-legal\/"},"modified":"2026-01-14T11:08:59","modified_gmt":"2026-01-14T11:08:59","slug":"aviso-legal","status":"publish","type":"page","link":"https:\/\/memomail.cloud\/pt-br\/aviso-legal\/","title":{"rendered":"Aviso legal"},"content":{"rendered":"\t\t<div data-elementor-type=\"wp-page\" data-elementor-id=\"3564\" class=\"elementor elementor-3564 elementor-2570\" data-elementor-post-type=\"page\">\n\t\t\t\t<div class=\"elementor-element elementor-element-793a6458 e-flex e-con-boxed wpr-particle-no wpr-jarallax-no wpr-parallax-no wpr-sticky-section-no wpr-equal-height-no e-con e-parent\" data-id=\"793a6458\" data-element_type=\"container\" data-e-type=\"container\" data-settings=\"{&quot;background_background&quot;:&quot;classic&quot;}\">\n\t\t\t\t\t<div class=\"e-con-inner\">\n\t\t<div class=\"elementor-element elementor-element-8455ac7 e-con-full e-flex wpr-particle-no wpr-jarallax-no wpr-parallax-no wpr-sticky-section-no wpr-equal-height-no e-con e-child\" data-id=\"8455ac7\" data-element_type=\"container\" data-e-type=\"container\">\n\t\t<div class=\"elementor-element elementor-element-5f687bac e-con-full e-flex wpr-particle-no wpr-jarallax-no wpr-parallax-no wpr-sticky-section-no wpr-equal-height-no e-con e-child\" data-id=\"5f687bac\" data-element_type=\"container\" data-e-type=\"container\">\n\t\t\t\t<div class=\"elementor-element elementor-element-b47e7cf elementor-widget elementor-widget-text-editor\" data-id=\"b47e7cf\" data-element_type=\"widget\" data-e-type=\"widget\" data-widget_type=\"text-editor.default\">\n\t\t\t\t<div class=\"elementor-widget-container\">\n\t\t\t\t\t\t\t\t\t<p>\u00a9 Todos os direitos reservados. MemoMail\u00ae \u00e9 uma marca registrada de propriedade da BASE315.<br>BASE315 DI \u200b\u200bCINELLI CESARE<br>Endere\u00e7o: Via G. Matteotti 41,<br>Voghera, PV<br>Telefone: 0383 052137<br>N\u00famero de IVA: IT 02368840183<br>CF: CNLCSR77L15M109Y<br>N.REA.: PV 267523 <\/p>\t\t\t\t\t\t\t\t<\/div>\n\t\t\t\t<\/div>\n\t\t\t\t<div class=\"elementor-element elementor-element-65a9a83a elementor-align-left elementor-widget elementor-widget-button\" data-id=\"65a9a83a\" data-element_type=\"widget\" data-e-type=\"widget\" data-widget_type=\"button.default\">\n\t\t\t\t<div class=\"elementor-widget-container\">\n\t\t\t\t\t\t\t\t\t<div class=\"elementor-button-wrapper\">\n\t\t\t\t\t<a class=\"elementor-button elementor-button-link elementor-size-sm\" href=\"\/\">\n\t\t\t\t\t\t<span class=\"elementor-button-content-wrapper\">\n\t\t\t\t\t\t<span class=\"elementor-button-icon\">\n\t\t\t\t<i aria-hidden=\"true\" class=\" ti-control-forward\"><\/i>\t\t\t<\/span>\n\t\t\t\t\t\t\t\t\t<span class=\"elementor-button-text\">Voltar \u00e0 p\u00e1gina inicial!<\/span>\n\t\t\t\t\t<\/span>\n\t\t\t\t\t<\/a>\n\t\t\t\t<\/div>\n\t\t\t\t\t\t\t\t<\/div>\n\t\t\t\t<\/div>\n\t\t\t\t<\/div>\n\t\t\t\t<\/div>\n\t\t\t\t\t<\/div>\n\t\t\t\t<\/div>\n\t\t\t\t<\/div>\n\t\t","protected":false},"excerpt":{"rendered":"<p>\u00a9 Todos os direitos reservados. MemoMail\u00ae \u00e9 uma marca registrada de propriedade da BASE315.BASE315 DI \u200b\u200bCINELLI CESAREEndere\u00e7o: Via G. Matteotti 41,Voghera, PVTelefone: 0383 052137N\u00famero de IVA: IT 02368840183CF: CNLCSR77L15M109YN.REA.: PV 267523 Voltar \u00e0 p\u00e1gina inicial!<\/p>\n","protected":false},"author":1,"featured_media":0,"parent":0,"menu_order":0,"comment_status":"closed","ping_status":"closed","template":"","meta":{"footnotes":""},"class_list":["post-3564","page","type-page","status-publish","hentry"],"yoast_head":"<!-- This site is optimized with the Yoast SEO plugin v27.4 - https:\/\/yoast.com\/product\/yoast-seo-wordpress\/ -->\n<title>Aviso legal | MemoMail<\/title>\n<meta name=\"description\" content=\"Aviso legal do MemoMail\" \/>\n<meta name=\"robots\" content=\"index, follow, max-snippet:-1, max-image-preview:large, max-video-preview:-1\" \/>\n<link rel=\"canonical\" href=\"https:\/\/memomail.cloud\/pt-br\/aviso-legal\/\" \/>\n<meta property=\"og:locale\" content=\"pt_BR\" \/>\n<meta property=\"og:type\" content=\"article\" \/>\n<meta property=\"og:title\" content=\"Aviso legal | MemoMail\" \/>\n<meta property=\"og:description\" content=\"Aviso legal do MemoMail\" \/>\n<meta property=\"og:url\" content=\"https:\/\/memomail.cloud\/pt-br\/aviso-legal\/\" \/>\n<meta property=\"og:site_name\" content=\"Magazine MemoMail.cloud\" \/>\n<meta property=\"article:modified_time\" content=\"2026-01-14T11:08:59+00:00\" \/>\n<meta name=\"twitter:card\" content=\"summary_large_image\" \/>\n<script type=\"application\/ld+json\" class=\"yoast-schema-graph\">{\"@context\":\"https:\\\/\\\/schema.org\",\"@graph\":[{\"@type\":\"WebPage\",\"@id\":\"https:\\\/\\\/memomail.cloud\\\/pt-br\\\/aviso-legal\\\/\",\"url\":\"https:\\\/\\\/memomail.cloud\\\/pt-br\\\/aviso-legal\\\/\",\"name\":\"Aviso legal | MemoMail\",\"isPartOf\":{\"@id\":\"https:\\\/\\\/memomail.cloud\\\/pt-br\\\/#website\"},\"datePublished\":\"2025-12-22T15:17:58+00:00\",\"dateModified\":\"2026-01-14T11:08:59+00:00\",\"description\":\"Aviso legal do MemoMail\",\"breadcrumb\":{\"@id\":\"https:\\\/\\\/memomail.cloud\\\/pt-br\\\/aviso-legal\\\/#breadcrumb\"},\"inLanguage\":\"pt-BR\",\"potentialAction\":[{\"@type\":\"ReadAction\",\"target\":[\"https:\\\/\\\/memomail.cloud\\\/pt-br\\\/aviso-legal\\\/\"]}]},{\"@type\":\"BreadcrumbList\",\"@id\":\"https:\\\/\\\/memomail.cloud\\\/pt-br\\\/aviso-legal\\\/#breadcrumb\",\"itemListElement\":[{\"@type\":\"ListItem\",\"position\":1,\"name\":\"Home\",\"item\":\"https:\\\/\\\/memomail.cloud\\\/pt-br\\\/\"},{\"@type\":\"ListItem\",\"position\":2,\"name\":\"Aviso legal\"}]},{\"@type\":\"WebSite\",\"@id\":\"https:\\\/\\\/memomail.cloud\\\/pt-br\\\/#website\",\"url\":\"https:\\\/\\\/memomail.cloud\\\/pt-br\\\/\",\"name\":\"Magazine MemoMail.cloud\",\"description\":\"\",\"potentialAction\":[{\"@type\":\"SearchAction\",\"target\":{\"@type\":\"EntryPoint\",\"urlTemplate\":\"https:\\\/\\\/memomail.cloud\\\/pt-br\\\/?s={search_term_string}\"},\"query-input\":{\"@type\":\"PropertyValueSpecification\",\"valueRequired\":true,\"valueName\":\"search_term_string\"}}],\"inLanguage\":\"pt-BR\"}]}<\/script>\n<!-- \/ Yoast SEO plugin. -->","yoast_head_json":{"title":"Aviso legal | MemoMail","description":"Aviso legal do MemoMail","robots":{"index":"index","follow":"follow","max-snippet":"max-snippet:-1","max-image-preview":"max-image-preview:large","max-video-preview":"max-video-preview:-1"},"canonical":"https:\/\/memomail.cloud\/pt-br\/aviso-legal\/","og_locale":"pt_BR","og_type":"article","og_title":"Aviso legal | MemoMail","og_description":"Aviso legal do MemoMail","og_url":"https:\/\/memomail.cloud\/pt-br\/aviso-legal\/","og_site_name":"Magazine MemoMail.cloud","article_modified_time":"2026-01-14T11:08:59+00:00","twitter_card":"summary_large_image","schema":{"@context":"https:\/\/schema.org","@graph":[{"@type":"WebPage","@id":"https:\/\/memomail.cloud\/pt-br\/aviso-legal\/","url":"https:\/\/memomail.cloud\/pt-br\/aviso-legal\/","name":"Aviso legal | MemoMail","isPartOf":{"@id":"https:\/\/memomail.cloud\/pt-br\/#website"},"datePublished":"2025-12-22T15:17:58+00:00","dateModified":"2026-01-14T11:08:59+00:00","description":"Aviso legal do MemoMail","breadcrumb":{"@id":"https:\/\/memomail.cloud\/pt-br\/aviso-legal\/#breadcrumb"},"inLanguage":"pt-BR","potentialAction":[{"@type":"ReadAction","target":["https:\/\/memomail.cloud\/pt-br\/aviso-legal\/"]}]},{"@type":"BreadcrumbList","@id":"https:\/\/memomail.cloud\/pt-br\/aviso-legal\/#breadcrumb","itemListElement":[{"@type":"ListItem","position":1,"name":"Home","item":"https:\/\/memomail.cloud\/pt-br\/"},{"@type":"ListItem","position":2,"name":"Aviso legal"}]},{"@type":"WebSite","@id":"https:\/\/memomail.cloud\/pt-br\/#website","url":"https:\/\/memomail.cloud\/pt-br\/","name":"Magazine MemoMail.cloud","description":"","potentialAction":[{"@type":"SearchAction","target":{"@type":"EntryPoint","urlTemplate":"https:\/\/memomail.cloud\/pt-br\/?s={search_term_string}"},"query-input":{"@type":"PropertyValueSpecification","valueRequired":true,"valueName":"search_term_string"}}],"inLanguage":"pt-BR"}]}},"_links":{"self":[{"href":"https:\/\/memomail.cloud\/pt-br\/wp-json\/wp\/v2\/pages\/3564","targetHints":{"allow":["GET"]}}],"collection":[{"href":"https:\/\/memomail.cloud\/pt-br\/wp-json\/wp\/v2\/pages"}],"about":[{"href":"https:\/\/memomail.cloud\/pt-br\/wp-json\/wp\/v2\/types\/page"}],"author":[{"embeddable":true,"href":"https:\/\/memomail.cloud\/pt-br\/wp-json\/wp\/v2\/users\/1"}],"replies":[{"embeddable":true,"href":"https:\/\/memomail.cloud\/pt-br\/wp-json\/wp\/v2\/comments?post=3564"}],"version-history":[{"count":1,"href":"https:\/\/memomail.cloud\/pt-br\/wp-json\/wp\/v2\/pages\/3564\/revisions"}],"predecessor-version":[{"id":3565,"href":"https:\/\/memomail.cloud\/pt-br\/wp-json\/wp\/v2\/pages\/3564\/revisions\/3565"}],"wp:attachment":[{"href":"https:\/\/memomail.cloud\/pt-br\/wp-json\/wp\/v2\/media?parent=3564"}],"curies":[{"name":"wp","href":"https:\/\/api.w.org\/{rel}","templated":true}]}}